{"id":661,"date":"2022-10-25T16:11:58","date_gmt":"2022-10-25T14:11:58","guid":{"rendered":"https:\/\/fachempfehlungen-zur-rechnungslegung.ch\/impressum\/"},"modified":"2022-12-12T08:08:06","modified_gmt":"2022-12-12T07:08:06","slug":"impressum","status":"publish","type":"page","link":"https:\/\/fachempfehlungen-zur-rechnungslegung.ch\/fr\/impressum\/","title":{"rendered":"Mentions l\u00e9gales"},"content":{"rendered":"<p><strong>Stiftung f\u00fcr Fachempfehlungen zur Rechnungslegung<\/strong><\/p>\n<p>Tigerbergstrasse 9, 9000 St. Gallen, Switzerland<\/p>\n<p><strong> Adresse e-mail:<\/strong> <a href=\"mailto:fachsekretaer@fer.ch\">fachsekretaer@fer.ch<\/a><\/p>\n<hr \/>\n<p style=\"text-align: left;\">Les publications <a href=\"https:\/\/www.fer.ch\/fr\/\">Swiss GAAP RPC<\/a> sont imprim\u00e9es et distribu\u00e9es par la maison d\u2019\u00e9dition Verlag SKV qui s\u2019occupe aussi de l\u2019administration des ventes et le service client\u00e8le.<\/p>\n<p><strong>Verlag SKG AG,<\/strong> Postfach, 8021 Z\u00fcrich, Suisse<\/p>\n<p><strong>Registre du commerce:<\/strong> CH-020.3.038.594-8<\/p>\n<p><strong>Direction:<\/strong> Corinne Rudolphi (Directeur de la publication), Denise Neuschwander (Responsable du portefeuille et de la communication)<\/p>\n<p><strong>Num\u00e9ro de t\u00e9l\u00e9phone:<\/strong> +41 44 283 45 21<br \/>\n<strong>Adresse e-mail:<\/strong> <a href=\"mailto:info@verlagskv.ch\">info@verlagskv.ch<\/a><\/p>\n","protected":false},"excerpt":{"rendered":"<p>Stiftung f\u00fcr Fachempfehlungen zur Rechnungslegung Tigerbergstrasse 9, 9000 St. Gallen, Switzerland Adresse e-mail: fachsekretaer@fer.ch Les publications Swiss GAAP RPC sont imprim\u00e9es et distribu\u00e9es par la maison d\u2019\u00e9dition Verlag SKV qui s\u2019occupe aussi de l\u2019administration des ventes et le service client\u00e8le. Verlag SKG AG, Postfach, 8021 Z\u00fcrich, Suisse Registre du commerce: CH-020.3.038.594-8 Direction: Corinne Rudolphi (Directeur [&hellip;]<\/p>\n","protected":false},"author":3708,"featured_media":0,"parent":0,"menu_order":0,"comment_status":"closed","ping_status":"closed","template":"page-landing.php","meta":{"_acf_changed":false,"footnotes":""},"class_list":["post-661","page","type-page","status-publish","hentry"],"acf":[],"yoast_head":"<!-- This site is optimized with the Yoast SEO plugin v25.5 - https:\/\/yoast.com\/wordpress\/plugins\/seo\/ -->\n<title>Mentions l\u00e9gales - SWISS GAAP FER<\/title>\n<meta name=\"robots\" content=\"index, follow, max-snippet:-1, max-image-preview:large, max-video-preview:-1\" \/>\n<link rel=\"canonical\" href=\"https:\/\/fachempfehlungen-zur-rechnungslegung.ch\/fr\/impressum\/\" \/>\n<meta property=\"og:locale\" content=\"fr_FR\" \/>\n<meta property=\"og:type\" content=\"article\" \/>\n<meta property=\"og:title\" content=\"Mentions l\u00e9gales - SWISS GAAP FER\" \/>\n<meta property=\"og:description\" content=\"Stiftung f\u00fcr Fachempfehlungen zur Rechnungslegung Tigerbergstrasse 9, 9000 St. Gallen, Switzerland Adresse e-mail: fachsekretaer@fer.ch Les publications Swiss GAAP RPC sont imprim\u00e9es et distribu\u00e9es par la maison d\u2019\u00e9dition Verlag SKV qui s\u2019occupe aussi de l\u2019administration des ventes et le service client\u00e8le. Verlag SKG AG, Postfach, 8021 Z\u00fcrich, Suisse Registre du commerce: CH-020.3.038.594-8 Direction: Corinne Rudolphi (Directeur [&hellip;]\" \/>\n<meta property=\"og:url\" content=\"https:\/\/fachempfehlungen-zur-rechnungslegung.ch\/fr\/impressum\/\" \/>\n<meta property=\"og:site_name\" content=\"SWISS GAAP FER\" \/>\n<meta property=\"article:modified_time\" content=\"2022-12-12T07:08:06+00:00\" \/>\n<meta name=\"twitter:card\" content=\"summary_large_image\" \/>\n<meta name=\"twitter:label1\" content=\"Dur\u00e9e de lecture estim\u00e9e\" \/>\n\t<meta name=\"twitter:data1\" content=\"1 minute\" \/>\n<script type=\"application\/ld+json\" class=\"yoast-schema-graph\">{\"@context\":\"https:\/\/schema.org\",\"@graph\":[{\"@type\":\"WebPage\",\"@id\":\"https:\/\/fachempfehlungen-zur-rechnungslegung.ch\/fr\/impressum\/\",\"url\":\"https:\/\/fachempfehlungen-zur-rechnungslegung.ch\/fr\/impressum\/\",\"name\":\"Mentions l\u00e9gales - SWISS GAAP FER\",\"isPartOf\":{\"@id\":\"https:\/\/fachempfehlungen-zur-rechnungslegung.ch\/fr\/#website\"},\"datePublished\":\"2022-10-25T14:11:58+00:00\",\"dateModified\":\"2022-12-12T07:08:06+00:00\",\"breadcrumb\":{\"@id\":\"https:\/\/fachempfehlungen-zur-rechnungslegung.ch\/fr\/impressum\/#breadcrumb\"},\"inLanguage\":\"fr-FR\",\"potentialAction\":[{\"@type\":\"ReadAction\",\"target\":[\"https:\/\/fachempfehlungen-zur-rechnungslegung.ch\/fr\/impressum\/\"]}]},{\"@type\":\"BreadcrumbList\",\"@id\":\"https:\/\/fachempfehlungen-zur-rechnungslegung.ch\/fr\/impressum\/#breadcrumb\",\"itemListElement\":[{\"@type\":\"ListItem\",\"position\":1,\"name\":\"Startseite\",\"item\":\"https:\/\/fachempfehlungen-zur-rechnungslegung.ch\/fr\/\"},{\"@type\":\"ListItem\",\"position\":2,\"name\":\"Mentions l\u00e9gales\"}]},{\"@type\":\"WebSite\",\"@id\":\"https:\/\/fachempfehlungen-zur-rechnungslegung.ch\/fr\/#website\",\"url\":\"https:\/\/fachempfehlungen-zur-rechnungslegung.ch\/fr\/\",\"name\":\"SWISS GAAP FER\",\"description\":\"Webshop\",\"potentialAction\":[{\"@type\":\"SearchAction\",\"target\":{\"@type\":\"EntryPoint\",\"urlTemplate\":\"https:\/\/fachempfehlungen-zur-rechnungslegung.ch\/fr\/?s={search_term_string}\"},\"query-input\":{\"@type\":\"PropertyValueSpecification\",\"valueRequired\":true,\"valueName\":\"search_term_string\"}}],\"inLanguage\":\"fr-FR\"}]}<\/script>\n<!-- \/ Yoast SEO plugin. -->","yoast_head_json":{"title":"Mentions l\u00e9gales - SWISS GAAP FER","robots":{"index":"index","follow":"follow","max-snippet":"max-snippet:-1","max-image-preview":"max-image-preview:large","max-video-preview":"max-video-preview:-1"},"canonical":"https:\/\/fachempfehlungen-zur-rechnungslegung.ch\/fr\/impressum\/","og_locale":"fr_FR","og_type":"article","og_title":"Mentions l\u00e9gales - SWISS GAAP FER","og_description":"Stiftung f\u00fcr Fachempfehlungen zur Rechnungslegung Tigerbergstrasse 9, 9000 St. Gallen, Switzerland Adresse e-mail: fachsekretaer@fer.ch Les publications Swiss GAAP RPC sont imprim\u00e9es et distribu\u00e9es par la maison d\u2019\u00e9dition Verlag SKV qui s\u2019occupe aussi de l\u2019administration des ventes et le service client\u00e8le. Verlag SKG AG, Postfach, 8021 Z\u00fcrich, Suisse Registre du commerce: CH-020.3.038.594-8 Direction: Corinne Rudolphi (Directeur [&hellip;]","og_url":"https:\/\/fachempfehlungen-zur-rechnungslegung.ch\/fr\/impressum\/","og_site_name":"SWISS GAAP FER","article_modified_time":"2022-12-12T07:08:06+00:00","twitter_card":"summary_large_image","twitter_misc":{"Dur\u00e9e de lecture estim\u00e9e":"1 minute"},"schema":{"@context":"https:\/\/schema.org","@graph":[{"@type":"WebPage","@id":"https:\/\/fachempfehlungen-zur-rechnungslegung.ch\/fr\/impressum\/","url":"https:\/\/fachempfehlungen-zur-rechnungslegung.ch\/fr\/impressum\/","name":"Mentions l\u00e9gales - SWISS GAAP FER","isPartOf":{"@id":"https:\/\/fachempfehlungen-zur-rechnungslegung.ch\/fr\/#website"},"datePublished":"2022-10-25T14:11:58+00:00","dateModified":"2022-12-12T07:08:06+00:00","breadcrumb":{"@id":"https:\/\/fachempfehlungen-zur-rechnungslegung.ch\/fr\/impressum\/#breadcrumb"},"inLanguage":"fr-FR","potentialAction":[{"@type":"ReadAction","target":["https:\/\/fachempfehlungen-zur-rechnungslegung.ch\/fr\/impressum\/"]}]},{"@type":"BreadcrumbList","@id":"https:\/\/fachempfehlungen-zur-rechnungslegung.ch\/fr\/impressum\/#breadcrumb","itemListElement":[{"@type":"ListItem","position":1,"name":"Startseite","item":"https:\/\/fachempfehlungen-zur-rechnungslegung.ch\/fr\/"},{"@type":"ListItem","position":2,"name":"Mentions l\u00e9gales"}]},{"@type":"WebSite","@id":"https:\/\/fachempfehlungen-zur-rechnungslegung.ch\/fr\/#website","url":"https:\/\/fachempfehlungen-zur-rechnungslegung.ch\/fr\/","name":"SWISS GAAP FER","description":"Webshop","potentialAction":[{"@type":"SearchAction","target":{"@type":"EntryPoint","urlTemplate":"https:\/\/fachempfehlungen-zur-rechnungslegung.ch\/fr\/?s={search_term_string}"},"query-input":{"@type":"PropertyValueSpecification","valueRequired":true,"valueName":"search_term_string"}}],"inLanguage":"fr-FR"}]}},"_links":{"self":[{"href":"https:\/\/fachempfehlungen-zur-rechnungslegung.ch\/fr\/wp-json\/wp\/v2\/pages\/661","targetHints":{"allow":["GET"]}}],"collection":[{"href":"https:\/\/fachempfehlungen-zur-rechnungslegung.ch\/fr\/wp-json\/wp\/v2\/pages"}],"about":[{"href":"https:\/\/fachempfehlungen-zur-rechnungslegung.ch\/fr\/wp-json\/wp\/v2\/types\/page"}],"author":[{"embeddable":true,"href":"https:\/\/fachempfehlungen-zur-rechnungslegung.ch\/fr\/wp-json\/wp\/v2\/users\/3708"}],"replies":[{"embeddable":true,"href":"https:\/\/fachempfehlungen-zur-rechnungslegung.ch\/fr\/wp-json\/wp\/v2\/comments?post=661"}],"version-history":[{"count":7,"href":"https:\/\/fachempfehlungen-zur-rechnungslegung.ch\/fr\/wp-json\/wp\/v2\/pages\/661\/revisions"}],"predecessor-version":[{"id":14192,"href":"https:\/\/fachempfehlungen-zur-rechnungslegung.ch\/fr\/wp-json\/wp\/v2\/pages\/661\/revisions\/14192"}],"wp:attachment":[{"href":"https:\/\/fachempfehlungen-zur-rechnungslegung.ch\/fr\/wp-json\/wp\/v2\/media?parent=661"}],"curies":[{"name":"wp","href":"https:\/\/api.w.org\/{rel}","templated":true}]}}