{"id":655,"date":"2022-10-25T16:11:58","date_gmt":"2022-10-25T14:11:58","guid":{"rendered":"https:\/\/fachempfehlungen-zur-rechnungslegung.ch\/widerruf\/"},"modified":"2022-12-08T13:32:49","modified_gmt":"2022-12-08T12:32:49","slug":"widerruf","status":"publish","type":"page","link":"https:\/\/fachempfehlungen-zur-rechnungslegung.ch\/fr\/widerruf\/","title":{"rendered":"Conditions du contrat et d&rsquo;utilisation"},"content":{"rendered":"<h1>Vertrags- und Nutzungsbedingungen der Stiftung FER f\u00fcr Digitale Medien<\/h1>\n<h2><strong>Geltungsbereich<\/strong><\/h2>\n<p>Diese Vertrags- und Nutzungsbedingungen (die \u00abBedingungen\u00bb) gelten f\u00fcr jede Nutzung der durch die Stiftung f\u00fcr Fachempfehlungen zur Rechnungslegung, Tigerbergstrasse 9, 9000 St. Gallen (\u00abStiftung FER\u00bb) zur Verf\u00fcgung gestellten digitalen Medien (die \u00abDigitalen Medien\u00bb).<\/p>\n<p>Sie gelten f\u00fcr alle Personen, die Digitale Medien der Stiftung FER erwerben und\/oder nutzen (der\/die \u00abNutzer\u00bb).<\/p>\n<h2><strong>Digitale Medien<\/strong><\/h2>\n<p>Unter den Begriff \u00abDigitale Medien\u00bb fallen s\u00e4mtliche Medien, die die Stiftung FER in digitaler \/ elektronischer Form zur Nutzung zur Verf\u00fcgung stellt. Die Nutzung der Digitalen Medien erfolgt je nach Produkt dadurch, dass der Nutzer sie auf sein lokales System herunterl\u00e4dt oder dadurch, dass er \u00fcber einen Webbrowser auf sie zugreift (Online-Medien). Als Digitale Medien gelten auch s\u00e4mtliche Begleit-, Zusatz- und Hilfsmaterialien, die die Stiftung FER f\u00fcr die Nutzung von Digitalen Medien oder gedruckten Medien in digitaler\/elektronischer Form zur Verf\u00fcgung stellt.<\/p>\n<h2><strong>Vertragsgegenstand<\/strong><\/h2>\n<p>Jeder Nutzer kann nur diejenigen Digitalen Medien (oder diejenigen Teile \/ Module von Digitalen Medien) nutzen, die er erworben hat. Die Stiftung FER r\u00e4umt dem Nutzer eine Nutzungsm\u00f6glichkeit f\u00fcr die Digitalen Medien gem\u00e4ss den vorliegenden Bedingungen ein.<\/p>\n<p>Soweit f\u00fcr die Nutzung der Digitalen Medien ein Internetzugang erforderlich ist, stellt die Stiftung FER die auf der Anbieterseite n\u00f6tige Infrastruktur bereit. Der Zugang des Nutzers zum Internet ist nicht Gegenstand dieses Vertragsverh\u00e4ltnisses.<\/p>\n<h2><strong>Nutzungsart<\/strong><\/h2>\n<p>Die Stiftung FER r\u00e4umt dem Nutzer ein nicht ausschliessliches, nicht \u00fcbertragbares, nicht unterlizenzierbares, nicht abtretbares Recht ein, die Digitalen Medien f\u00fcr den Eigengebrauch zu nutzen.<\/p>\n<p>Die Digitalen Medien d\u00fcrfen ausser in dem im jeweiligen Digitalen Medium ausdr\u00fccklich vorgesehenen Rahmen nicht ver\u00e4ndert oder in eigene Medien \u00fcbernommen werden.<\/p>\n<p>Die Weitergabe der Digitalen Medien an Dritte, die Nutzung der Digitalen Medien durch Dritte sowie das Hochladen der Digitalen Medien ins Internet sind untersagt. Eine Nutzung zu kommerziellen Zwecken, insbesondere das Verkaufen, Vermieten oder Verleihen der Digitalen Medien, ist unzul\u00e4ssig. Der Nutzer ist verpflichtet, s\u00e4mtliche Zugangsdaten, die die Nutzung der Digitalen Medien erm\u00f6glichen, geheim zu halten und nicht an Dritte weiterzugeben.<\/p>\n<p>Die im Rahmen der Nutzung generierten Daten d\u00fcrfen durch die Nutzer verarbeitet werden und k\u00f6nnen lokal beim Nutzer gespeichert werden; die Stiftung FER stellt keine externen Speicherkapazit\u00e4ten zur Verf\u00fcgung.<\/p>\n<h2><strong>Nutzungsdauer<\/strong><\/h2>\n<p>Digitale Medien, die heruntergeladen werden, stehen dem Nutzer und der Nutzerin zum Download in ihrem Benutzerkonto im Webshop zur Verf\u00fcgung. Die Verf\u00fcgbarkeit ist f\u00fcr drei Jahre nach Aktivierung des betreffenden Lizenzschl\u00fcssels garantiert. Nutzer und Nutzerinnen, die als Gast im Webshop bestellen (ohne Registrierung und Er\u00f6ffnung eines Benutzerkontos) k\u00f6nnen Digitale Medien via Downloadlink in der Best\u00e4tigungsmail downloaden. Dieser Link kann nur einmal verwendet werden und verf\u00e4llt nach sechs Monaten.<\/p>\n<p>Die Stiftung FER beh\u00e4lt sich das Recht vor, dem Nutzer das Nutzungsrecht bei einer Verletzung der vorliegenden oder anderer anwendbarer Vertragsbedingungen jederzeit und mit sofortiger Wirkung zu entziehen.<\/p>\n<h2><strong>Gewerbliche Schutzrechte<\/strong><\/h2>\n<p>Die Digitalen Medien sind in allen Teilen urheberrechtlich gesch\u00fctzt. Insbesondere ist das Kopieren, Hochladen oder Extrahieren der Digitalen Medien oder in Teilen davon verboten. S\u00e4mtliche m\u00f6glichen Urheberrechts- und Vertragsverletzungen durch Dritte, die dem Nutzer bekannt werden, sind der Stiftung FER unverz\u00fcglich zu melden.<\/p>\n<h2><strong>Gew\u00e4hrleistung, Erreichbarkeit, Weiterentwicklungen, M\u00e4ngel<\/strong><\/h2>\n<p>Auf den Transfer von Daten \u00fcber das Internet hat die Stiftung FER keinen Einfluss. Die Stiftung FER \u00fcbernimmt daher keine Gew\u00e4hr daf\u00fcr, dass interaktive Vorg\u00e4nge den Nutzer richtig erreichen und dass der Zugang zum Internet zu jeder Zeit gew\u00e4hrleistet ist. Die Stiftung FER wird sich bem\u00fchen, Digitale Medien, die \u00fcber einen Internetzugang zur Verf\u00fcgung gestellt werden (Online-Medien) oder deren vollumf\u00e4ngliche Nutzung einen Internetzugang erfordert, stets zug\u00e4nglich zu halten. Der Nutzer hat jedoch keinen Anspruch auf die st\u00e4ndige Verf\u00fcgbarkeit. Die Stiftung FER wird erhebliche St\u00f6rungen der Verf\u00fcgbarkeit schnellstm\u00f6glich beseitigen und ist bem\u00fcht, unerhebliche Beeintr\u00e4chtigungen in angemessener Frist zu beseitigen. Anpassungen, \u00c4nderungen und Erg\u00e4nzungen an den Digitalen Medien und Arbeiten an der Hardware werden nur dann zu einer vor\u00fcbergehenden Unterbrechung oder Beeintr\u00e4chtigung der Erreichbarkeit \u00fcber das Internet f\u00fchren, wenn dies aus technischen Gr\u00fcnden zwingend notwendig ist.<\/p>\n<p>Der Nutzer tr\u00e4gt die alleinige Verantwortung f\u00fcr die Funktionsf\u00e4higkeit seines Internetzugangs, einschliesslich der \u00dcbertragungswege, sowie seines eigenen Endger\u00e4tes (Smartphone, Tablet, Laptop, Computer, etc.).<\/p>\n<p>M\u00e4ngel an den Digitalen Medien, die zu einer St\u00f6rung des vertragsgem\u00e4ssen Gebrauchs f\u00fchren, werden von der Stiftung FER so rasch als m\u00f6glich behoben. Die Stiftung FER ist jederzeit berechtigt, die Digitalen Medien zu ver\u00e4ndern und anzupassen, insbesondere bei technologischen Weiterentwicklungen.<\/p>\n<h2><strong>Systemvoraussetzungen<\/strong><\/h2>\n<p>Die Systemvoraussetzungen f\u00fcr die Nutzung der Digitalen Medien werden von der Stiftung FER, soweit notwendig, separat bekannt gegeben. Der Nutzer ist verantwortlich daf\u00fcr, dass sein Computersystem die von der Stiftung FER definierten Systemvoraussetzungen erf\u00fcllt.<\/p>\n<h2><strong>Haftung<\/strong><\/h2>\n<p>Jede Haftung der Stiftung FER f\u00fcr Sch\u00e4den und Datenverluste, welche dem Nutzer im Zusammenhang mit der Nutzung der Digitalen Medien oder wegen Zugangsverhinderungen oder -verz\u00f6gerungen zu den Digitalen Medien entstehen, wird, soweit gesetzlich zul\u00e4ssig, wegbedungen.<\/p>\n<h2><strong>Registrierung, Datenschutz, Aktivierung<\/strong><\/h2>\n<p>Um die Digitalen Medien zu nutzen, ist eine Registrierung durch den Nutzer erforderlich. F\u00fcr die Registrierung ben\u00f6tigt die Stiftung FER bestimmte Daten. Die Registrierung erfolgt im Webshop.<\/p>\n<p>Beim Herunterladen von gewissen Digitalen Medien werden diese mit Kundendaten aus der Registrierung personalisiert. Der Nutzer gibt seine Zustimmung zu dieser Personalisierung. Zur Aktivierung eines bestimmten Digitalen Mediums ben\u00f6tigt der Nutzer einen oder mehrere Lizenzschl\u00fcssel; diese(r) wird\/werden dem Nutzer beim Erwerb der jeweiligen Digitalen Medien zur Verf\u00fcgung gestellt (z. B. indem diese in das gedruckte Produkt eingedruckt sind oder diesem beiliegen).<\/p>\n<p>Weitere Informationen zur Datenbearbeitung finden sich in der Datenschutz-Erkl\u00e4rung.<\/p>\n<h2><strong>Allgemeine Gesch\u00e4ftsbedingungen <\/strong><\/h2>\n<p>Die durch die Stiftung FER auf der Webseite publizierten Allgemeinen Gesch\u00e4ftsbedingungen (\u00abAGB\u00bb) kommen beim Erwerb und der Nutzung aller Digitalen Medien in Erg\u00e4nzung zu den vorliegenden Bedingungen zus\u00e4tzlich zur Anwendung. Soweit Widerspr\u00fcche zwischen den AGB und den vorliegenden Bedingungen bestehen, gehen diese Bedingungen den AGB vor.<\/p>\n<h2><strong>\u00c4nderungen<\/strong><\/h2>\n<p>Die Stiftung FER beh\u00e4lt sich vor, diese Bedingungen im Falle von Gesetzes\u00e4nderungen, \u00c4nderungen des digitalen Angebotes oder festgestellten Regelungsl\u00fccken zu \u00e4ndern oder zu erg\u00e4nzen.<\/p>\n<h2><strong>Anwendbares Recht, Gerichtsstand<\/strong><\/h2>\n<p>Dieses Vertragsverh\u00e4ltnis untersteht schweizerischem Recht. Ausschliesslicher Gerichtsstand f\u00fcr s\u00e4mtliche sich aus oder im Zusammenhang mit diesem Vertragsverh\u00e4ltnis ergebenden Streitigkeiten ist St. Gallen<\/p>\n<p>Stand: Dezember 2022<\/p>\n","protected":false},"excerpt":{"rendered":"<p>Vertrags- und Nutzungsbedingungen der Stiftung FER f\u00fcr Digitale Medien Geltungsbereich Diese Vertrags- und Nutzungsbedingungen (die \u00abBedingungen\u00bb) gelten f\u00fcr jede Nutzung der durch die Stiftung f\u00fcr Fachempfehlungen zur Rechnungslegung, Tigerbergstrasse 9, 9000 St. Gallen (\u00abStiftung FER\u00bb) zur Verf\u00fcgung gestellten digitalen Medien (die \u00abDigitalen Medien\u00bb). Sie gelten f\u00fcr alle Personen, die Digitale Medien der Stiftung FER erwerben [&hellip;]<\/p>\n","protected":false},"author":3,"featured_media":0,"parent":0,"menu_order":0,"comment_status":"closed","ping_status":"closed","template":"page-landing.php","meta":{"_acf_changed":false,"footnotes":""},"class_list":["post-655","page","type-page","status-publish","hentry"],"acf":[],"yoast_head":"<!-- This site is optimized with the Yoast SEO plugin v25.5 - https:\/\/yoast.com\/wordpress\/plugins\/seo\/ -->\n<title>Conditions du contrat et d&#039;utilisation - SWISS GAAP FER<\/title>\n<meta name=\"robots\" content=\"index, follow, max-snippet:-1, max-image-preview:large, max-video-preview:-1\" \/>\n<link rel=\"canonical\" href=\"https:\/\/fachempfehlungen-zur-rechnungslegung.ch\/fr\/widerruf\/\" \/>\n<meta property=\"og:locale\" content=\"fr_FR\" \/>\n<meta property=\"og:type\" content=\"article\" \/>\n<meta property=\"og:title\" content=\"Conditions du contrat et d&#039;utilisation - SWISS GAAP FER\" \/>\n<meta property=\"og:description\" content=\"Vertrags- und Nutzungsbedingungen der Stiftung FER f\u00fcr Digitale Medien Geltungsbereich Diese Vertrags- und Nutzungsbedingungen (die \u00abBedingungen\u00bb) gelten f\u00fcr jede Nutzung der durch die Stiftung f\u00fcr Fachempfehlungen zur Rechnungslegung, Tigerbergstrasse 9, 9000 St. Gallen (\u00abStiftung FER\u00bb) zur Verf\u00fcgung gestellten digitalen Medien (die \u00abDigitalen Medien\u00bb). Sie gelten f\u00fcr alle Personen, die Digitale Medien der Stiftung FER erwerben [&hellip;]\" \/>\n<meta property=\"og:url\" content=\"https:\/\/fachempfehlungen-zur-rechnungslegung.ch\/fr\/widerruf\/\" \/>\n<meta property=\"og:site_name\" content=\"SWISS GAAP FER\" \/>\n<meta property=\"article:modified_time\" content=\"2022-12-08T12:32:49+00:00\" \/>\n<meta name=\"twitter:card\" content=\"summary_large_image\" \/>\n<meta name=\"twitter:label1\" content=\"Dur\u00e9e de lecture estim\u00e9e\" \/>\n\t<meta name=\"twitter:data1\" content=\"6 minutes\" \/>\n<script type=\"application\/ld+json\" class=\"yoast-schema-graph\">{\"@context\":\"https:\/\/schema.org\",\"@graph\":[{\"@type\":\"WebPage\",\"@id\":\"https:\/\/fachempfehlungen-zur-rechnungslegung.ch\/fr\/widerruf\/\",\"url\":\"https:\/\/fachempfehlungen-zur-rechnungslegung.ch\/fr\/widerruf\/\",\"name\":\"Conditions du contrat et d'utilisation - SWISS GAAP FER\",\"isPartOf\":{\"@id\":\"https:\/\/fachempfehlungen-zur-rechnungslegung.ch\/fr\/#website\"},\"datePublished\":\"2022-10-25T14:11:58+00:00\",\"dateModified\":\"2022-12-08T12:32:49+00:00\",\"breadcrumb\":{\"@id\":\"https:\/\/fachempfehlungen-zur-rechnungslegung.ch\/fr\/widerruf\/#breadcrumb\"},\"inLanguage\":\"fr-FR\",\"potentialAction\":[{\"@type\":\"ReadAction\",\"target\":[\"https:\/\/fachempfehlungen-zur-rechnungslegung.ch\/fr\/widerruf\/\"]}]},{\"@type\":\"BreadcrumbList\",\"@id\":\"https:\/\/fachempfehlungen-zur-rechnungslegung.ch\/fr\/widerruf\/#breadcrumb\",\"itemListElement\":[{\"@type\":\"ListItem\",\"position\":1,\"name\":\"Startseite\",\"item\":\"https:\/\/fachempfehlungen-zur-rechnungslegung.ch\/fr\/\"},{\"@type\":\"ListItem\",\"position\":2,\"name\":\"Conditions du contrat et d&#8217;utilisation\"}]},{\"@type\":\"WebSite\",\"@id\":\"https:\/\/fachempfehlungen-zur-rechnungslegung.ch\/fr\/#website\",\"url\":\"https:\/\/fachempfehlungen-zur-rechnungslegung.ch\/fr\/\",\"name\":\"SWISS GAAP FER\",\"description\":\"Webshop\",\"potentialAction\":[{\"@type\":\"SearchAction\",\"target\":{\"@type\":\"EntryPoint\",\"urlTemplate\":\"https:\/\/fachempfehlungen-zur-rechnungslegung.ch\/fr\/?s={search_term_string}\"},\"query-input\":{\"@type\":\"PropertyValueSpecification\",\"valueRequired\":true,\"valueName\":\"search_term_string\"}}],\"inLanguage\":\"fr-FR\"}]}<\/script>\n<!-- \/ Yoast SEO plugin. -->","yoast_head_json":{"title":"Conditions du contrat et d'utilisation - SWISS GAAP FER","robots":{"index":"index","follow":"follow","max-snippet":"max-snippet:-1","max-image-preview":"max-image-preview:large","max-video-preview":"max-video-preview:-1"},"canonical":"https:\/\/fachempfehlungen-zur-rechnungslegung.ch\/fr\/widerruf\/","og_locale":"fr_FR","og_type":"article","og_title":"Conditions du contrat et d'utilisation - SWISS GAAP FER","og_description":"Vertrags- und Nutzungsbedingungen der Stiftung FER f\u00fcr Digitale Medien Geltungsbereich Diese Vertrags- und Nutzungsbedingungen (die \u00abBedingungen\u00bb) gelten f\u00fcr jede Nutzung der durch die Stiftung f\u00fcr Fachempfehlungen zur Rechnungslegung, Tigerbergstrasse 9, 9000 St. Gallen (\u00abStiftung FER\u00bb) zur Verf\u00fcgung gestellten digitalen Medien (die \u00abDigitalen Medien\u00bb). Sie gelten f\u00fcr alle Personen, die Digitale Medien der Stiftung FER erwerben [&hellip;]","og_url":"https:\/\/fachempfehlungen-zur-rechnungslegung.ch\/fr\/widerruf\/","og_site_name":"SWISS GAAP FER","article_modified_time":"2022-12-08T12:32:49+00:00","twitter_card":"summary_large_image","twitter_misc":{"Dur\u00e9e de lecture estim\u00e9e":"6 minutes"},"schema":{"@context":"https:\/\/schema.org","@graph":[{"@type":"WebPage","@id":"https:\/\/fachempfehlungen-zur-rechnungslegung.ch\/fr\/widerruf\/","url":"https:\/\/fachempfehlungen-zur-rechnungslegung.ch\/fr\/widerruf\/","name":"Conditions du contrat et d'utilisation - SWISS GAAP FER","isPartOf":{"@id":"https:\/\/fachempfehlungen-zur-rechnungslegung.ch\/fr\/#website"},"datePublished":"2022-10-25T14:11:58+00:00","dateModified":"2022-12-08T12:32:49+00:00","breadcrumb":{"@id":"https:\/\/fachempfehlungen-zur-rechnungslegung.ch\/fr\/widerruf\/#breadcrumb"},"inLanguage":"fr-FR","potentialAction":[{"@type":"ReadAction","target":["https:\/\/fachempfehlungen-zur-rechnungslegung.ch\/fr\/widerruf\/"]}]},{"@type":"BreadcrumbList","@id":"https:\/\/fachempfehlungen-zur-rechnungslegung.ch\/fr\/widerruf\/#breadcrumb","itemListElement":[{"@type":"ListItem","position":1,"name":"Startseite","item":"https:\/\/fachempfehlungen-zur-rechnungslegung.ch\/fr\/"},{"@type":"ListItem","position":2,"name":"Conditions du contrat et d&#8217;utilisation"}]},{"@type":"WebSite","@id":"https:\/\/fachempfehlungen-zur-rechnungslegung.ch\/fr\/#website","url":"https:\/\/fachempfehlungen-zur-rechnungslegung.ch\/fr\/","name":"SWISS GAAP FER","description":"Webshop","potentialAction":[{"@type":"SearchAction","target":{"@type":"EntryPoint","urlTemplate":"https:\/\/fachempfehlungen-zur-rechnungslegung.ch\/fr\/?s={search_term_string}"},"query-input":{"@type":"PropertyValueSpecification","valueRequired":true,"valueName":"search_term_string"}}],"inLanguage":"fr-FR"}]}},"_links":{"self":[{"href":"https:\/\/fachempfehlungen-zur-rechnungslegung.ch\/fr\/wp-json\/wp\/v2\/pages\/655","targetHints":{"allow":["GET"]}}],"collection":[{"href":"https:\/\/fachempfehlungen-zur-rechnungslegung.ch\/fr\/wp-json\/wp\/v2\/pages"}],"about":[{"href":"https:\/\/fachempfehlungen-zur-rechnungslegung.ch\/fr\/wp-json\/wp\/v2\/types\/page"}],"author":[{"embeddable":true,"href":"https:\/\/fachempfehlungen-zur-rechnungslegung.ch\/fr\/wp-json\/wp\/v2\/users\/3"}],"replies":[{"embeddable":true,"href":"https:\/\/fachempfehlungen-zur-rechnungslegung.ch\/fr\/wp-json\/wp\/v2\/comments?post=655"}],"version-history":[{"count":3,"href":"https:\/\/fachempfehlungen-zur-rechnungslegung.ch\/fr\/wp-json\/wp\/v2\/pages\/655\/revisions"}],"predecessor-version":[{"id":810,"href":"https:\/\/fachempfehlungen-zur-rechnungslegung.ch\/fr\/wp-json\/wp\/v2\/pages\/655\/revisions\/810"}],"wp:attachment":[{"href":"https:\/\/fachempfehlungen-zur-rechnungslegung.ch\/fr\/wp-json\/wp\/v2\/media?parent=655"}],"curies":[{"name":"wp","href":"https:\/\/api.w.org\/{rel}","templated":true}]}}