{"id":653,"date":"2022-10-25T16:11:58","date_gmt":"2022-10-25T14:11:58","guid":{"rendered":"https:\/\/fachempfehlungen-zur-rechnungslegung.ch\/allgemeine_geschaeftsbedingungen\/"},"modified":"2023-01-03T13:10:26","modified_gmt":"2023-01-03T12:10:26","slug":"conditions-generales-de-vente","status":"publish","type":"page","link":"https:\/\/fachempfehlungen-zur-rechnungslegung.ch\/fr\/conditions-generales-de-vente\/","title":{"rendered":"Conditions g\u00e9n\u00e9rales de vente"},"content":{"rendered":"<p>Diese allgemeinen Gesch\u00e4ftsbedingungen (AGB) gelten f\u00fcr alle Gesch\u00e4ftsbeziehungen zwischen der Stiftung f\u00fcr Fachempfehlungen zur Rechnungslegung (\u00abStiftung FER\u00bb) und ihren Kunden \u00fcber Printmedien und digitale Produkte.<\/p>\n<p>Der Verlag SKV AG f\u00fchrt im Auftrag der <a href=\"https:\/\/www.fer.ch\/\">Stiftung FER<\/a> die Herstellung und den Vertrieb der Swiss GAAP FER Produkte durch. Dazu geh\u00f6ren auch die Kundenberatung und die Abwicklung von Bestellungen.<\/p>\n<h2><strong>Bestellungen Privatpersonen<\/strong><\/h2>\n<p>Ihre Bestellungen k\u00f6nnen Sie bequem \u00fcber den Webshop abwickeln. F\u00fcr Fragen und Ausk\u00fcnfte steht Ihnen der Kundendienst vom Verlag SKV von Montag bis Freitag von 8.30 bis 12.00 Uhr und 13.00 bis 16.00 Uhr telefonisch und per E-Mail zur Verf\u00fcgung.<\/p>\n<p>Verlag SKV AG<br \/>\nReitergasse 9<br \/>\nCH-8004 Z\u00fcrich<br \/>\nTelefon +41 44 283 45 21<br \/>\n<a href=\"mailto:fer.webshop@verlagskv.ch\">fer.webshop@verlagskv.ch<\/a><br \/>\n<a href=\"https:\/\/verlagskv.ch\">www.verlagskv.ch<\/a><\/p>\n<h2><strong>Bestellungen<\/strong><\/h2>\n<p>Alle Bestellungen sind grunds\u00e4tzlich verbindlich und werden Ihnen per E-Mail best\u00e4tigt. Vor\u00fcbergehend nicht lieferbare Titel werden f\u00fcr Sie vorgemerkt. Sie haben die M\u00f6glichkeit, diese vorgemerkten Bestellungen jederzeit zu widerrufen.<\/p>\n<h2><strong>Preise<\/strong><\/h2>\n<p>Die Preise verstehen sich inklusiv der gesetzlich vorgeschriebenen Mehrwertsteuer. Sie stehen unter dem Vorbehalt der \u00c4nderung des Mehrwertsteuersatzes. Die Verlag SKV AG beh\u00e4lt sich jederzeitige Preis\u00e4nderungen ausdr\u00fccklich vor.<\/p>\n<h2><strong>Lieferungen innerhalb der Schweiz und ins F\u00fcrstentum Liechtenstein<\/strong><\/h2>\n<p>Schweiz: A-Post CHF 9.00<br \/>\nBestellungen, die bis 14.00 Uhr eintreffen und lieferbar sind, werden in der Regel noch am gleichen Tag verschickt.<\/p>\n<p>Schweiz: B-Post CHF 7.00<br \/>\nBestellungen, die bis 14.00 Uhr eintreffen und lieferbar sind, werden in der Regel sp\u00e4testens am Folgetag verschickt.<\/p>\n<h2><strong>Lieferungen ins Ausland<\/strong><\/h2>\n<p>Portokosten pauschal CHF 18.00<\/p>\n<p>Bei Bestellungen, welche ins Ausland verschickt werden, k\u00f6nnen Zollgeb\u00fchren und\/oder Auslagepauschalen anfallen. Diese m\u00fcssen vom Empf\u00e4nger bzw. der Empf\u00e4ngerin \u00fcbernommen werden.<\/p>\n<h2><strong>Zahlungskonditionen<\/strong><\/h2>\n<p>Rechnungen sind innert 30 Tagen ohne jeden Abzug zahlbar. Die Rechnungsstellung erfolgt ausschliesslich in Schweizer Franken.<br \/>\nSie k\u00f6nnen zwischen Bezahlung per Rechnung oder Kreditkarte\/TWINT w\u00e4hlen.<\/p>\n<h2><strong>Reklamationen<\/strong><\/h2>\n<p>Bitte kontrollieren Sie die Sendungen sofort nach Empfang und teilen Sie eventuelle Unstimmigkeiten unverz\u00fcglich mit.<\/p>\n<ul>\n<li>Titel in tadellosem, verkaufsf\u00e4higem Zustand nehmen wir innert 10 Tagen gegen Gutschrift zur\u00fcck.<\/li>\n<li>Digitale Medien sind vom Umtausch ausgeschlossen.<\/li>\n<li>Bitte geben Sie den Grund der R\u00fccksendung sowie Rechnungs- und Kundennummer an.<\/li>\n<\/ul>\n<p>Allf\u00e4llige R\u00fccksendungen senden Sie bitte an die Auslieferung:<\/p>\n<p>Balmer B\u00fccherdienst AG<br \/>\nKobiboden<br \/>\nCH &#8211; 8840 Einsiedeln<\/p>\n<h2><strong>\u00c4nderungen<\/strong><\/h2>\n<p>Die Stiftung FER beh\u00e4lt sich das Recht vor, diese AGB jederzeit zu \u00e4ndern.<\/p>\n<h2><strong>Anwendbares Recht \/ Gerichtsstand<\/strong><\/h2>\n<p>Schweizer Recht ist anwendbar. Ausschliesslicher Gerichtsstand ist St. Gallen.<\/p>\n<p>Stand: Dezember 2022<\/p>\n","protected":false},"excerpt":{"rendered":"<p>Diese allgemeinen Gesch\u00e4ftsbedingungen (AGB) gelten f\u00fcr alle Gesch\u00e4ftsbeziehungen zwischen der Stiftung f\u00fcr Fachempfehlungen zur Rechnungslegung (\u00abStiftung FER\u00bb) und ihren Kunden \u00fcber Printmedien und digitale Produkte. Der Verlag SKV AG f\u00fchrt im Auftrag der Stiftung FER die Herstellung und den Vertrieb der Swiss GAAP FER Produkte durch. Dazu geh\u00f6ren auch die Kundenberatung und die Abwicklung von [&hellip;]<\/p>\n","protected":false},"author":3708,"featured_media":0,"parent":0,"menu_order":0,"comment_status":"closed","ping_status":"closed","template":"page-landing.php","meta":{"_acf_changed":false,"footnotes":""},"class_list":["post-653","page","type-page","status-publish","hentry"],"acf":[],"yoast_head":"<!-- This site is optimized with the Yoast SEO plugin v25.5 - https:\/\/yoast.com\/wordpress\/plugins\/seo\/ -->\n<title>Conditions g\u00e9n\u00e9rales de vente - SWISS GAAP FER<\/title>\n<meta name=\"robots\" content=\"index, follow, max-snippet:-1, max-image-preview:large, max-video-preview:-1\" \/>\n<link rel=\"canonical\" href=\"https:\/\/fachempfehlungen-zur-rechnungslegung.ch\/fr\/conditions-generales-de-vente\/\" \/>\n<meta property=\"og:locale\" content=\"fr_FR\" \/>\n<meta property=\"og:type\" content=\"article\" \/>\n<meta property=\"og:title\" content=\"Conditions g\u00e9n\u00e9rales de vente - SWISS GAAP FER\" \/>\n<meta property=\"og:description\" content=\"Diese allgemeinen Gesch\u00e4ftsbedingungen (AGB) gelten f\u00fcr alle Gesch\u00e4ftsbeziehungen zwischen der Stiftung f\u00fcr Fachempfehlungen zur Rechnungslegung (\u00abStiftung FER\u00bb) und ihren Kunden \u00fcber Printmedien und digitale Produkte. Der Verlag SKV AG f\u00fchrt im Auftrag der Stiftung FER die Herstellung und den Vertrieb der Swiss GAAP FER Produkte durch. Dazu geh\u00f6ren auch die Kundenberatung und die Abwicklung von [&hellip;]\" \/>\n<meta property=\"og:url\" content=\"https:\/\/fachempfehlungen-zur-rechnungslegung.ch\/fr\/conditions-generales-de-vente\/\" \/>\n<meta property=\"og:site_name\" content=\"SWISS GAAP FER\" \/>\n<meta property=\"article:modified_time\" content=\"2023-01-03T12:10:26+00:00\" \/>\n<meta name=\"twitter:card\" content=\"summary_large_image\" \/>\n<meta name=\"twitter:label1\" content=\"Dur\u00e9e de lecture estim\u00e9e\" \/>\n\t<meta name=\"twitter:data1\" content=\"3 minutes\" \/>\n<script type=\"application\/ld+json\" class=\"yoast-schema-graph\">{\"@context\":\"https:\/\/schema.org\",\"@graph\":[{\"@type\":\"WebPage\",\"@id\":\"https:\/\/fachempfehlungen-zur-rechnungslegung.ch\/fr\/conditions-generales-de-vente\/\",\"url\":\"https:\/\/fachempfehlungen-zur-rechnungslegung.ch\/fr\/conditions-generales-de-vente\/\",\"name\":\"Conditions g\u00e9n\u00e9rales de vente - SWISS GAAP FER\",\"isPartOf\":{\"@id\":\"https:\/\/fachempfehlungen-zur-rechnungslegung.ch\/fr\/#website\"},\"datePublished\":\"2022-10-25T14:11:58+00:00\",\"dateModified\":\"2023-01-03T12:10:26+00:00\",\"breadcrumb\":{\"@id\":\"https:\/\/fachempfehlungen-zur-rechnungslegung.ch\/fr\/conditions-generales-de-vente\/#breadcrumb\"},\"inLanguage\":\"fr-FR\",\"potentialAction\":[{\"@type\":\"ReadAction\",\"target\":[\"https:\/\/fachempfehlungen-zur-rechnungslegung.ch\/fr\/conditions-generales-de-vente\/\"]}]},{\"@type\":\"BreadcrumbList\",\"@id\":\"https:\/\/fachempfehlungen-zur-rechnungslegung.ch\/fr\/conditions-generales-de-vente\/#breadcrumb\",\"itemListElement\":[{\"@type\":\"ListItem\",\"position\":1,\"name\":\"Startseite\",\"item\":\"https:\/\/fachempfehlungen-zur-rechnungslegung.ch\/fr\/\"},{\"@type\":\"ListItem\",\"position\":2,\"name\":\"Conditions g\u00e9n\u00e9rales de vente\"}]},{\"@type\":\"WebSite\",\"@id\":\"https:\/\/fachempfehlungen-zur-rechnungslegung.ch\/fr\/#website\",\"url\":\"https:\/\/fachempfehlungen-zur-rechnungslegung.ch\/fr\/\",\"name\":\"SWISS GAAP FER\",\"description\":\"Webshop\",\"potentialAction\":[{\"@type\":\"SearchAction\",\"target\":{\"@type\":\"EntryPoint\",\"urlTemplate\":\"https:\/\/fachempfehlungen-zur-rechnungslegung.ch\/fr\/?s={search_term_string}\"},\"query-input\":{\"@type\":\"PropertyValueSpecification\",\"valueRequired\":true,\"valueName\":\"search_term_string\"}}],\"inLanguage\":\"fr-FR\"}]}<\/script>\n<!-- \/ Yoast SEO plugin. -->","yoast_head_json":{"title":"Conditions g\u00e9n\u00e9rales de vente - SWISS GAAP FER","robots":{"index":"index","follow":"follow","max-snippet":"max-snippet:-1","max-image-preview":"max-image-preview:large","max-video-preview":"max-video-preview:-1"},"canonical":"https:\/\/fachempfehlungen-zur-rechnungslegung.ch\/fr\/conditions-generales-de-vente\/","og_locale":"fr_FR","og_type":"article","og_title":"Conditions g\u00e9n\u00e9rales de vente - SWISS GAAP FER","og_description":"Diese allgemeinen Gesch\u00e4ftsbedingungen (AGB) gelten f\u00fcr alle Gesch\u00e4ftsbeziehungen zwischen der Stiftung f\u00fcr Fachempfehlungen zur Rechnungslegung (\u00abStiftung FER\u00bb) und ihren Kunden \u00fcber Printmedien und digitale Produkte. Der Verlag SKV AG f\u00fchrt im Auftrag der Stiftung FER die Herstellung und den Vertrieb der Swiss GAAP FER Produkte durch. Dazu geh\u00f6ren auch die Kundenberatung und die Abwicklung von [&hellip;]","og_url":"https:\/\/fachempfehlungen-zur-rechnungslegung.ch\/fr\/conditions-generales-de-vente\/","og_site_name":"SWISS GAAP FER","article_modified_time":"2023-01-03T12:10:26+00:00","twitter_card":"summary_large_image","twitter_misc":{"Dur\u00e9e de lecture estim\u00e9e":"3 minutes"},"schema":{"@context":"https:\/\/schema.org","@graph":[{"@type":"WebPage","@id":"https:\/\/fachempfehlungen-zur-rechnungslegung.ch\/fr\/conditions-generales-de-vente\/","url":"https:\/\/fachempfehlungen-zur-rechnungslegung.ch\/fr\/conditions-generales-de-vente\/","name":"Conditions g\u00e9n\u00e9rales de vente - SWISS GAAP FER","isPartOf":{"@id":"https:\/\/fachempfehlungen-zur-rechnungslegung.ch\/fr\/#website"},"datePublished":"2022-10-25T14:11:58+00:00","dateModified":"2023-01-03T12:10:26+00:00","breadcrumb":{"@id":"https:\/\/fachempfehlungen-zur-rechnungslegung.ch\/fr\/conditions-generales-de-vente\/#breadcrumb"},"inLanguage":"fr-FR","potentialAction":[{"@type":"ReadAction","target":["https:\/\/fachempfehlungen-zur-rechnungslegung.ch\/fr\/conditions-generales-de-vente\/"]}]},{"@type":"BreadcrumbList","@id":"https:\/\/fachempfehlungen-zur-rechnungslegung.ch\/fr\/conditions-generales-de-vente\/#breadcrumb","itemListElement":[{"@type":"ListItem","position":1,"name":"Startseite","item":"https:\/\/fachempfehlungen-zur-rechnungslegung.ch\/fr\/"},{"@type":"ListItem","position":2,"name":"Conditions g\u00e9n\u00e9rales de vente"}]},{"@type":"WebSite","@id":"https:\/\/fachempfehlungen-zur-rechnungslegung.ch\/fr\/#website","url":"https:\/\/fachempfehlungen-zur-rechnungslegung.ch\/fr\/","name":"SWISS GAAP FER","description":"Webshop","potentialAction":[{"@type":"SearchAction","target":{"@type":"EntryPoint","urlTemplate":"https:\/\/fachempfehlungen-zur-rechnungslegung.ch\/fr\/?s={search_term_string}"},"query-input":{"@type":"PropertyValueSpecification","valueRequired":true,"valueName":"search_term_string"}}],"inLanguage":"fr-FR"}]}},"_links":{"self":[{"href":"https:\/\/fachempfehlungen-zur-rechnungslegung.ch\/fr\/wp-json\/wp\/v2\/pages\/653","targetHints":{"allow":["GET"]}}],"collection":[{"href":"https:\/\/fachempfehlungen-zur-rechnungslegung.ch\/fr\/wp-json\/wp\/v2\/pages"}],"about":[{"href":"https:\/\/fachempfehlungen-zur-rechnungslegung.ch\/fr\/wp-json\/wp\/v2\/types\/page"}],"author":[{"embeddable":true,"href":"https:\/\/fachempfehlungen-zur-rechnungslegung.ch\/fr\/wp-json\/wp\/v2\/users\/3708"}],"replies":[{"embeddable":true,"href":"https:\/\/fachempfehlungen-zur-rechnungslegung.ch\/fr\/wp-json\/wp\/v2\/comments?post=653"}],"version-history":[{"count":7,"href":"https:\/\/fachempfehlungen-zur-rechnungslegung.ch\/fr\/wp-json\/wp\/v2\/pages\/653\/revisions"}],"predecessor-version":[{"id":18245,"href":"https:\/\/fachempfehlungen-zur-rechnungslegung.ch\/fr\/wp-json\/wp\/v2\/pages\/653\/revisions\/18245"}],"wp:attachment":[{"href":"https:\/\/fachempfehlungen-zur-rechnungslegung.ch\/fr\/wp-json\/wp\/v2\/media?parent=653"}],"curies":[{"name":"wp","href":"https:\/\/api.w.org\/{rel}","templated":true}]}}